{"id":3994,"date":"2024-03-13T01:28:24","date_gmt":"2024-03-13T00:28:24","guid":{"rendered":"http:\/\/18.159.216.47\/?page_id=3994"},"modified":"2024-06-08T11:49:29","modified_gmt":"2024-06-08T09:49:29","slug":"ty-page-grupposm","status":"publish","type":"page","link":"https:\/\/noaidebiti.it\/index.php\/ty-page-grupposm\/","title":{"rendered":"Gruppo SM &#8211; TY Page &#8211; OK"},"content":{"rendered":"\t\t<div data-elementor-type=\"wp-page\" data-elementor-id=\"3994\" class=\"elementor elementor-3994\" data-elementor-post-type=\"page\">\n\t\t\t\t\t\t<section class=\"elementor-section elementor-top-section elementor-element elementor-element-5d074edc elementor-section-boxed elementor-section-height-default elementor-section-height-default\" data-id=\"5d074edc\" data-element_type=\"section\" data-e-type=\"section\" data-settings=\"{&quot;background_background&quot;:&quot;classic&quot;}\">\n\t\t\t\t\t\t<div class=\"elementor-container elementor-column-gap-no\">\n\t\t\t\t\t<div class=\"elementor-column elementor-col-100 elementor-top-column elementor-element elementor-element-57491488\" data-id=\"57491488\" data-element_type=\"column\" data-e-type=\"column\" data-settings=\"{&quot;background_background&quot;:&quot;classic&quot;}\">\n\t\t\t<div class=\"elementor-widget-wrap elementor-element-populated\">\n\t\t\t\t\t\t<section class=\"elementor-section elementor-inner-section elementor-element elementor-element-21f8c350 elementor-section-full_width elementor-section-height-default elementor-section-height-default\" data-id=\"21f8c350\" data-element_type=\"section\" data-e-type=\"section\" data-settings=\"{&quot;background_background&quot;:&quot;classic&quot;}\">\n\t\t\t\t\t\t<div class=\"elementor-container elementor-column-gap-no\">\n\t\t\t\t\t<div class=\"elementor-column elementor-col-100 elementor-inner-column elementor-element elementor-element-2c656917\" data-id=\"2c656917\" data-element_type=\"column\" data-e-type=\"column\">\n\t\t\t<div class=\"elementor-widget-wrap elementor-element-populated\">\n\t\t\t\t\t\t<div class=\"elementor-element elementor-element-214fc96e elementor-widget elementor-widget-spacer\" data-id=\"214fc96e\" data-element_type=\"widget\" data-e-type=\"widget\" data-widget_type=\"spacer.default\">\n\t\t\t\t<div class=\"elementor-widget-container\">\n\t\t\t\t\t\t\t<div class=\"elementor-spacer\">\n\t\t\t<div class=\"elementor-spacer-inner\"><\/div>\n\t\t<\/div>\n\t\t\t\t\t\t<\/div>\n\t\t\t\t<\/div>\n\t\t\t\t<div class=\"elementor-element elementor-element-7ca15cd8 elementor-widget elementor-widget-heading\" data-id=\"7ca15cd8\" data-element_type=\"widget\" data-e-type=\"widget\" data-widget_type=\"heading.default\">\n\t\t\t\t<div class=\"elementor-widget-container\">\n\t\t\t\t\t<h1 class=\"elementor-heading-title elementor-size-default\"><b>L'azienda migliore per il tuo prestito \u00e8 Gruppo Santamaria SpA <\/b><\/h1>\t\t\t\t<\/div>\n\t\t\t\t<\/div>\n\t\t\t\t<div class=\"elementor-element elementor-element-382335c3 elementor-widget elementor-widget-image\" data-id=\"382335c3\" data-element_type=\"widget\" data-e-type=\"widget\" data-widget_type=\"image.default\">\n\t\t\t\t<div class=\"elementor-widget-container\">\n\t\t\t\t\t\t\t\t\t\t\t\t\t\t\t<img fetchpriority=\"high\" decoding=\"async\" width=\"800\" height=\"180\" src=\"https:\/\/noaidebiti.it\/wp-content\/uploads\/2024\/03\/logo-gsm-2022-VECTOR-1024x230.jpg\" class=\"attachment-large size-large wp-image-4062\" alt=\"\" srcset=\"https:\/\/noaidebiti.it\/wp-content\/uploads\/2024\/03\/logo-gsm-2022-VECTOR-1024x230.jpg 1024w, https:\/\/noaidebiti.it\/wp-content\/uploads\/2024\/03\/logo-gsm-2022-VECTOR-300x68.jpg 300w, https:\/\/noaidebiti.it\/wp-content\/uploads\/2024\/03\/logo-gsm-2022-VECTOR-768x173.jpg 768w, https:\/\/noaidebiti.it\/wp-content\/uploads\/2024\/03\/logo-gsm-2022-VECTOR-1536x346.jpg 1536w, https:\/\/noaidebiti.it\/wp-content\/uploads\/2024\/03\/logo-gsm-2022-VECTOR.jpg 1773w\" sizes=\"(max-width: 800px) 100vw, 800px\" \/>\t\t\t\t\t\t\t\t\t\t\t\t\t\t\t<\/div>\n\t\t\t\t<\/div>\n\t\t\t\t<div class=\"elementor-element elementor-element-6b0458a5 elementor-widget elementor-widget-text-editor\" data-id=\"6b0458a5\" data-element_type=\"widget\" data-e-type=\"widget\" data-widget_type=\"text-editor.default\">\n\t\t\t\t<div class=\"elementor-widget-container\">\n\t\t\t\t\t\t\t\t\t<p>Abbiamo scelto <strong>Gruppo Santamaria S.p.A<\/strong> perch\u00e9:<\/p><p>\u2714\ufe0f Ha uno dei <b>migliori tassi d&#8217;Interesse Cessione del Quinto in Italia<\/b>\u00a0<\/p><p>\u2714\ufe0f Grazie a delle convenzioni speciali, ti garantisce ZERO SPESE di gestione sul prestito<i> (zero spese d&#8217;istruttoria, zero spese incasso rata, zero spese apertura pratica, zero spese di bollo, ecc.)<\/i><\/p><p>\u2714\ufe0f Sono stati nominati come <b>migliori Agenti per la Cessione del Quinto in Italia<\/b><\/p><p>\u2714\ufe0f \u00c8 una delle poche societ\u00e0 di credito ad avere un elevato tasso di recensioni positive, con<b> 4,9 stelle su Google e TrustPilot<\/b><\/p><p>\u2714\ufe0f Ha un &#8220;time to cash&#8221; (tempo di erogazione dei soldi) <b>medio di 8 giorni<\/b><\/p><p>\u2714\ufe0f Ha aiutato pi\u00f9 di <b>30.000 clienti in Italia dal 2007<br \/><\/b><\/p>\t\t\t\t\t\t\t\t<\/div>\n\t\t\t\t<\/div>\n\t\t\t\t<div class=\"elementor-element elementor-element-23861eb elementor-widget elementor-widget-heading\" data-id=\"23861eb\" data-element_type=\"widget\" data-e-type=\"widget\" data-widget_type=\"heading.default\">\n\t\t\t\t<div class=\"elementor-widget-container\">\n\t\t\t\t\t<h1 class=\"elementor-heading-title elementor-size-default\"><b>Cosa succede adesso?<\/b><\/h1>\t\t\t\t<\/div>\n\t\t\t\t<\/div>\n\t\t\t\t<div class=\"elementor-element elementor-element-f7accd6 elementor-widget elementor-widget-text-editor\" data-id=\"f7accd6\" data-element_type=\"widget\" data-e-type=\"widget\" data-widget_type=\"text-editor.default\">\n\t\t\t\t<div class=\"elementor-widget-container\">\n\t\t\t\t\t\t\t\t\t<p><b>Un consulente del team di Gruppo Santamaria SpA\u00a0<\/b>ha preso in carico la tua richiesta e sar\u00e0 in contatto con te nelle prossime 2 ore per offrirti un preventivo gratuito e senza impegno.\u00a0<\/p><p>Assicurati di tenere d&#8217;occhio il telefono per non perderti la chiamata.\u00a0<\/p>\t\t\t\t\t\t\t\t<\/div>\n\t\t\t\t<\/div>\n\t\t\t\t<div class=\"elementor-element elementor-element-e8c76b2 elementor-widget elementor-widget-heading\" data-id=\"e8c76b2\" data-element_type=\"widget\" data-e-type=\"widget\" data-widget_type=\"heading.default\">\n\t\t\t\t<div class=\"elementor-widget-container\">\n\t\t\t\t\t<h1 class=\"elementor-heading-title elementor-size-default\"><b>Le certificazioni di Gruppo Santamaria SpA <\/b><\/h1>\t\t\t\t<\/div>\n\t\t\t\t<\/div>\n\t\t\t\t\t<\/div>\n\t\t<\/div>\n\t\t\t\t\t<\/div>\n\t\t<\/section>\n\t\t\t\t\t<\/div>\n\t\t<\/div>\n\t\t\t\t\t<\/div>\n\t\t<\/section>\n\t\t\t\t<section class=\"elementor-section elementor-top-section elementor-element elementor-element-23b95cda elementor-section-boxed elementor-section-height-default elementor-section-height-default\" data-id=\"23b95cda\" data-element_type=\"section\" data-e-type=\"section\" data-settings=\"{&quot;background_background&quot;:&quot;classic&quot;}\">\n\t\t\t\t\t\t<div class=\"elementor-container elementor-column-gap-default\">\n\t\t\t\t\t<div class=\"elementor-column elementor-col-100 elementor-top-column elementor-element elementor-element-72c2b4ed\" data-id=\"72c2b4ed\" data-element_type=\"column\" data-e-type=\"column\">\n\t\t\t<div class=\"elementor-widget-wrap elementor-element-populated\">\n\t\t\t\t\t\t<section class=\"elementor-section elementor-inner-section elementor-element elementor-element-b2a29ae elementor-section-boxed elementor-section-height-default elementor-section-height-default\" data-id=\"b2a29ae\" data-element_type=\"section\" data-e-type=\"section\">\n\t\t\t\t\t\t<div class=\"elementor-container elementor-column-gap-default\">\n\t\t\t\t\t<div class=\"elementor-column elementor-col-33 elementor-inner-column elementor-element elementor-element-0dd1aa4\" data-id=\"0dd1aa4\" data-element_type=\"column\" data-e-type=\"column\">\n\t\t\t<div class=\"elementor-widget-wrap elementor-element-populated\">\n\t\t\t\t\t\t<div class=\"elementor-element elementor-element-73483ba elementor-widget elementor-widget-image\" data-id=\"73483ba\" data-element_type=\"widget\" data-e-type=\"widget\" data-widget_type=\"image.default\">\n\t\t\t\t<div class=\"elementor-widget-container\">\n\t\t\t\t\t\t\t\t\t\t\t\t\t\t\t<img decoding=\"async\" width=\"167\" height=\"255\" src=\"https:\/\/noaidebiti.it\/wp-content\/uploads\/2024\/03\/Campioni-della-crescita.png\" class=\"attachment-large size-large wp-image-4084\" alt=\"\" \/>\t\t\t\t\t\t\t\t\t\t\t\t\t\t\t<\/div>\n\t\t\t\t<\/div>\n\t\t\t\t\t<\/div>\n\t\t<\/div>\n\t\t\t\t<div class=\"elementor-column elementor-col-33 elementor-inner-column elementor-element elementor-element-65905d3\" data-id=\"65905d3\" data-element_type=\"column\" data-e-type=\"column\">\n\t\t\t<div class=\"elementor-widget-wrap elementor-element-populated\">\n\t\t\t\t\t\t<div class=\"elementor-element elementor-element-b2972cd elementor-widget elementor-widget-image\" data-id=\"b2972cd\" data-element_type=\"widget\" data-e-type=\"widget\" data-widget_type=\"image.default\">\n\t\t\t\t<div class=\"elementor-widget-container\">\n\t\t\t\t\t\t\t\t\t\t\t\t\t\t\t<img decoding=\"async\" width=\"208\" height=\"209\" src=\"https:\/\/noaidebiti.it\/wp-content\/uploads\/2024\/03\/Leader-della-Crescita.png\" class=\"attachment-large size-large wp-image-4085\" alt=\"\" srcset=\"https:\/\/noaidebiti.it\/wp-content\/uploads\/2024\/03\/Leader-della-Crescita.png 208w, https:\/\/noaidebiti.it\/wp-content\/uploads\/2024\/03\/Leader-della-Crescita-150x150.png 150w\" sizes=\"(max-width: 208px) 100vw, 208px\" \/>\t\t\t\t\t\t\t\t\t\t\t\t\t\t\t<\/div>\n\t\t\t\t<\/div>\n\t\t\t\t\t<\/div>\n\t\t<\/div>\n\t\t\t\t<div class=\"elementor-column elementor-col-33 elementor-inner-column elementor-element elementor-element-39cfab4\" data-id=\"39cfab4\" data-element_type=\"column\" data-e-type=\"column\">\n\t\t\t<div class=\"elementor-widget-wrap elementor-element-populated\">\n\t\t\t\t\t\t<div class=\"elementor-element elementor-element-d4bd035 elementor-widget elementor-widget-image\" data-id=\"d4bd035\" data-element_type=\"widget\" data-e-type=\"widget\" data-widget_type=\"image.default\">\n\t\t\t\t<div class=\"elementor-widget-container\">\n\t\t\t\t\t\t\t\t\t\t\t\t\t\t\t<img loading=\"lazy\" decoding=\"async\" width=\"167\" height=\"280\" src=\"https:\/\/noaidebiti.it\/wp-content\/uploads\/2024\/03\/LE-FONTI-Winner-Awards.png\" class=\"attachment-large size-large wp-image-4083\" alt=\"\" \/>\t\t\t\t\t\t\t\t\t\t\t\t\t\t\t<\/div>\n\t\t\t\t<\/div>\n\t\t\t\t\t<\/div>\n\t\t<\/div>\n\t\t\t\t\t<\/div>\n\t\t<\/section>\n\t\t\t\t<div class=\"elementor-element elementor-element-f8fcf54 elementor-widget-divider--view-line elementor-widget elementor-widget-divider\" data-id=\"f8fcf54\" data-element_type=\"widget\" data-e-type=\"widget\" data-widget_type=\"divider.default\">\n\t\t\t\t<div class=\"elementor-widget-container\">\n\t\t\t\t\t\t\t<div class=\"elementor-divider\">\n\t\t\t<span class=\"elementor-divider-separator\">\n\t\t\t\t\t\t<\/span>\n\t\t<\/div>\n\t\t\t\t\t\t<\/div>\n\t\t\t\t<\/div>\n\t\t\t\t<div class=\"elementor-element elementor-element-3d5ec91 elementor-widget elementor-widget-text-editor\" data-id=\"3d5ec91\" data-element_type=\"widget\" data-e-type=\"widget\" data-widget_type=\"text-editor.default\">\n\t\t\t\t<div class=\"elementor-widget-container\">\n\t\t\t\t\t\t\t\t\t<p>2024 Tutti i Diritti Riservati\u00a0 \u2013 <a href=\"https:\/\/finexpert.it\/privacy-e-cookie-policy\/\">Privacy &amp; Cookie Policy<\/a><\/p>\t\t\t\t\t\t\t\t<\/div>\n\t\t\t\t<\/div>\n\t\t\t\t<div class=\"elementor-element elementor-element-b77e5ce elementor-widget elementor-widget-text-editor\" data-id=\"b77e5ce\" data-element_type=\"widget\" data-e-type=\"widget\" data-widget_type=\"text-editor.default\">\n\t\t\t\t<div class=\"elementor-widget-container\">\n\t\t\t\t\t\t\t\t\t<p>Questa \u00e8 una pubblicit\u00e0 e non un articolo di notizie, un blog o un aggiornamento sulla protezione dei consumatori. Ci dedichiamo a portare ai lettori informazioni preziose che possono aiutarli a realizzare i loro obiettivi finanziari, tramite anche l\u2019impiego di tecniche di storytelling per illustrare i servizi proposti. Le storie raccontate in questa pagina pertanto costituiscono una pubblicit\u00e0 con scopo informativo, funziona a far comprendere il potenziale di quanto proposto. Questa pagina \u00e8 una pubblicit\u00e0. Ci auguriamo che troviate la nostra risorsa online informativa e utile. Messaggio pubblicitario con finalit\u00e0 promozionale. Finanziamenti soggetti ad approvazione ed erogazione dell\u2019istituto erogante.\u00a0<\/p><p>La presente promozione \u00e8 effettuata da Gruppo Santamaria S.P.A www.grupposantamaria.com \u2013 \u00e8 di propriet\u00e0 di GRUPPO SANTAMARIA SpA \u2013 Sede legale e Operativa: Via Tortona 33 MIlano (MI), Il servizio offerto, totalmente gratuito e senza impegno, offre l\u2019opportunit\u00e0 di entrare in contatto con Gruppo Santamaria SpA, regolarmente operante ed iscritto all\u2019OAM nel rispetto della legge vigente in materia. L\u2019offerta commerciale potr\u00e0 variare in funzione della valutazione del profilo di rischio complessivo. In osservanza al D.lgs. 1\/9\/93 n.385 sulla trasparenza delle operazioni finanziarie. Tassi e condizioni sono riportati nei fogli informativi disponibili in filiale o cliccando ai seguenti link:<\/p>\t\t\t\t\t\t\t\t<\/div>\n\t\t\t\t<\/div>\n\t\t\t\t\t<\/div>\n\t\t<\/div>\n\t\t\t\t\t<\/div>\n\t\t<\/section>\n\t\t\t\t<section class=\"elementor-section elementor-top-section elementor-element elementor-element-6e743888 elementor-section-boxed elementor-section-height-default elementor-section-height-default\" data-id=\"6e743888\" data-element_type=\"section\" data-e-type=\"section\">\n\t\t\t\t\t\t<div class=\"elementor-container elementor-column-gap-default\">\n\t\t\t\t\t<div class=\"elementor-column elementor-col-100 elementor-top-column elementor-element elementor-element-b8a2acc\" data-id=\"b8a2acc\" data-element_type=\"column\" data-e-type=\"column\">\n\t\t\t<div class=\"elementor-widget-wrap\">\n\t\t\t\t\t\t\t<\/div>\n\t\t<\/div>\n\t\t\t\t\t<\/div>\n\t\t<\/section>\n\t\t\t\t<\/div>\n\t\t","protected":false},"excerpt":{"rendered":"<p>L&#8217;azienda migliore per il tuo prestito \u00e8 Gruppo Santamaria SpA Abbiamo scelto Gruppo Santamaria S.p.A perch\u00e9: \u2714\ufe0f Ha uno dei migliori tassi d&#8217;Interesse Cessione del Quinto in Italia\u00a0 \u2714\ufe0f Grazie a delle convenzioni speciali, ti garantisce ZERO SPESE di gestione sul prestito (zero spese d&#8217;istruttoria, zero spese incasso rata, zero spese apertura pratica, zero spese [&hellip;]<\/p>\n","protected":false},"author":1,"featured_media":0,"parent":0,"menu_order":0,"comment_status":"closed","ping_status":"closed","template":"elementor_canvas","meta":{"footnotes":""},"folder":[20],"class_list":["post-3994","page","type-page","status-publish","hentry"],"yoast_head":"<!-- This site is optimized with the Yoast SEO plugin v27.4 - https:\/\/yoast.com\/product\/yoast-seo-wordpress\/ -->\n<title>Migliori Prestiti 2024<\/title>\n<meta name=\"robots\" content=\"index, follow, max-snippet:-1, max-image-preview:large, max-video-preview:-1\" \/>\n<link rel=\"canonical\" href=\"https:\/\/destinazione-suditalia.com\/index.php\/ty-page-grupposm\/\" \/>\n<meta property=\"og:locale\" content=\"it_IT\" \/>\n<meta property=\"og:type\" content=\"article\" \/>\n<meta property=\"og:title\" content=\"Migliori Prestiti 2024\" \/>\n<meta property=\"og:description\" content=\"L&#8217;azienda migliore per il tuo prestito \u00e8 Gruppo Santamaria SpA Abbiamo scelto Gruppo Santamaria S.p.A perch\u00e9: \u2714\ufe0f Ha uno dei migliori tassi d&#8217;Interesse Cessione del Quinto in Italia\u00a0 \u2714\ufe0f Grazie a delle convenzioni speciali, ti garantisce ZERO SPESE di gestione sul prestito (zero spese d&#8217;istruttoria, zero spese incasso rata, zero spese apertura pratica, zero spese [&hellip;]\" \/>\n<meta property=\"og:url\" content=\"https:\/\/destinazione-suditalia.com\/index.php\/ty-page-grupposm\/\" \/>\n<meta property=\"og:site_name\" content=\"Notizie Aggiornate\" \/>\n<meta property=\"article:modified_time\" content=\"2024-06-08T09:49:29+00:00\" \/>\n<meta property=\"og:image\" content=\"http:\/\/18.194.173.18\/wp-content\/uploads\/2024\/03\/logo-gsm-2022-VECTOR-1024x230.jpg\" \/>\n<meta name=\"twitter:card\" content=\"summary_large_image\" \/>\n<meta name=\"twitter:label1\" content=\"Tempo di lettura stimato\" \/>\n\t<meta name=\"twitter:data1\" content=\"3 minuti\" \/>\n<script type=\"application\/ld+json\" class=\"yoast-schema-graph\">{\"@context\":\"https:\\\/\\\/schema.org\",\"@graph\":[{\"@type\":\"WebPage\",\"@id\":\"https:\\\/\\\/destinazione-suditalia.com\\\/index.php\\\/ty-page-grupposm\\\/\",\"url\":\"https:\\\/\\\/destinazione-suditalia.com\\\/index.php\\\/ty-page-grupposm\\\/\",\"name\":\"Migliori Prestiti 2024\",\"isPartOf\":{\"@id\":\"https:\\\/\\\/terapie-efficaci.com\\\/#website\"},\"primaryImageOfPage\":{\"@id\":\"https:\\\/\\\/destinazione-suditalia.com\\\/index.php\\\/ty-page-grupposm\\\/#primaryimage\"},\"image\":{\"@id\":\"https:\\\/\\\/destinazione-suditalia.com\\\/index.php\\\/ty-page-grupposm\\\/#primaryimage\"},\"thumbnailUrl\":\"http:\\\/\\\/18.194.173.18\\\/wp-content\\\/uploads\\\/2024\\\/03\\\/logo-gsm-2022-VECTOR-1024x230.jpg\",\"datePublished\":\"2024-03-13T00:28:24+00:00\",\"dateModified\":\"2024-06-08T09:49:29+00:00\",\"breadcrumb\":{\"@id\":\"https:\\\/\\\/destinazione-suditalia.com\\\/index.php\\\/ty-page-grupposm\\\/#breadcrumb\"},\"inLanguage\":\"it-IT\",\"potentialAction\":[{\"@type\":\"ReadAction\",\"target\":[\"https:\\\/\\\/destinazione-suditalia.com\\\/index.php\\\/ty-page-grupposm\\\/\"]}]},{\"@type\":\"ImageObject\",\"inLanguage\":\"it-IT\",\"@id\":\"https:\\\/\\\/destinazione-suditalia.com\\\/index.php\\\/ty-page-grupposm\\\/#primaryimage\",\"url\":\"http:\\\/\\\/18.194.173.18\\\/wp-content\\\/uploads\\\/2024\\\/03\\\/logo-gsm-2022-VECTOR-1024x230.jpg\",\"contentUrl\":\"http:\\\/\\\/18.194.173.18\\\/wp-content\\\/uploads\\\/2024\\\/03\\\/logo-gsm-2022-VECTOR-1024x230.jpg\"},{\"@type\":\"BreadcrumbList\",\"@id\":\"https:\\\/\\\/destinazione-suditalia.com\\\/index.php\\\/ty-page-grupposm\\\/#breadcrumb\",\"itemListElement\":[{\"@type\":\"ListItem\",\"position\":1,\"name\":\"Home\",\"item\":\"https:\\\/\\\/terapie-efficaci.com\\\/\"},{\"@type\":\"ListItem\",\"position\":2,\"name\":\"Gruppo SM &#8211; TY Page &#8211; OK\"}]},{\"@type\":\"WebSite\",\"@id\":\"https:\\\/\\\/terapie-efficaci.com\\\/#website\",\"url\":\"https:\\\/\\\/terapie-efficaci.com\\\/\",\"name\":\"Notizie Aggiornate\",\"description\":\"\",\"potentialAction\":[{\"@type\":\"SearchAction\",\"target\":{\"@type\":\"EntryPoint\",\"urlTemplate\":\"https:\\\/\\\/terapie-efficaci.com\\\/?s={search_term_string}\"},\"query-input\":{\"@type\":\"PropertyValueSpecification\",\"valueRequired\":true,\"valueName\":\"search_term_string\"}}],\"inLanguage\":\"it-IT\"}]}<\/script>\n<!-- \/ Yoast SEO plugin. -->","yoast_head_json":{"title":"Migliori Prestiti 2024","robots":{"index":"index","follow":"follow","max-snippet":"max-snippet:-1","max-image-preview":"max-image-preview:large","max-video-preview":"max-video-preview:-1"},"canonical":"https:\/\/destinazione-suditalia.com\/index.php\/ty-page-grupposm\/","og_locale":"it_IT","og_type":"article","og_title":"Migliori Prestiti 2024","og_description":"L&#8217;azienda migliore per il tuo prestito \u00e8 Gruppo Santamaria SpA Abbiamo scelto Gruppo Santamaria S.p.A perch\u00e9: \u2714\ufe0f Ha uno dei migliori tassi d&#8217;Interesse Cessione del Quinto in Italia\u00a0 \u2714\ufe0f Grazie a delle convenzioni speciali, ti garantisce ZERO SPESE di gestione sul prestito (zero spese d&#8217;istruttoria, zero spese incasso rata, zero spese apertura pratica, zero spese [&hellip;]","og_url":"https:\/\/destinazione-suditalia.com\/index.php\/ty-page-grupposm\/","og_site_name":"Notizie Aggiornate","article_modified_time":"2024-06-08T09:49:29+00:00","og_image":[{"url":"http:\/\/18.194.173.18\/wp-content\/uploads\/2024\/03\/logo-gsm-2022-VECTOR-1024x230.jpg","type":"","width":"","height":""}],"twitter_card":"summary_large_image","twitter_misc":{"Tempo di lettura stimato":"3 minuti"},"schema":{"@context":"https:\/\/schema.org","@graph":[{"@type":"WebPage","@id":"https:\/\/destinazione-suditalia.com\/index.php\/ty-page-grupposm\/","url":"https:\/\/destinazione-suditalia.com\/index.php\/ty-page-grupposm\/","name":"Migliori Prestiti 2024","isPartOf":{"@id":"https:\/\/terapie-efficaci.com\/#website"},"primaryImageOfPage":{"@id":"https:\/\/destinazione-suditalia.com\/index.php\/ty-page-grupposm\/#primaryimage"},"image":{"@id":"https:\/\/destinazione-suditalia.com\/index.php\/ty-page-grupposm\/#primaryimage"},"thumbnailUrl":"http:\/\/18.194.173.18\/wp-content\/uploads\/2024\/03\/logo-gsm-2022-VECTOR-1024x230.jpg","datePublished":"2024-03-13T00:28:24+00:00","dateModified":"2024-06-08T09:49:29+00:00","breadcrumb":{"@id":"https:\/\/destinazione-suditalia.com\/index.php\/ty-page-grupposm\/#breadcrumb"},"inLanguage":"it-IT","potentialAction":[{"@type":"ReadAction","target":["https:\/\/destinazione-suditalia.com\/index.php\/ty-page-grupposm\/"]}]},{"@type":"ImageObject","inLanguage":"it-IT","@id":"https:\/\/destinazione-suditalia.com\/index.php\/ty-page-grupposm\/#primaryimage","url":"http:\/\/18.194.173.18\/wp-content\/uploads\/2024\/03\/logo-gsm-2022-VECTOR-1024x230.jpg","contentUrl":"http:\/\/18.194.173.18\/wp-content\/uploads\/2024\/03\/logo-gsm-2022-VECTOR-1024x230.jpg"},{"@type":"BreadcrumbList","@id":"https:\/\/destinazione-suditalia.com\/index.php\/ty-page-grupposm\/#breadcrumb","itemListElement":[{"@type":"ListItem","position":1,"name":"Home","item":"https:\/\/terapie-efficaci.com\/"},{"@type":"ListItem","position":2,"name":"Gruppo SM &#8211; TY Page &#8211; OK"}]},{"@type":"WebSite","@id":"https:\/\/terapie-efficaci.com\/#website","url":"https:\/\/terapie-efficaci.com\/","name":"Notizie Aggiornate","description":"","potentialAction":[{"@type":"SearchAction","target":{"@type":"EntryPoint","urlTemplate":"https:\/\/terapie-efficaci.com\/?s={search_term_string}"},"query-input":{"@type":"PropertyValueSpecification","valueRequired":true,"valueName":"search_term_string"}}],"inLanguage":"it-IT"}]}},"_links":{"self":[{"href":"https:\/\/noaidebiti.it\/index.php\/wp-json\/wp\/v2\/pages\/3994","targetHints":{"allow":["GET"]}}],"collection":[{"href":"https:\/\/noaidebiti.it\/index.php\/wp-json\/wp\/v2\/pages"}],"about":[{"href":"https:\/\/noaidebiti.it\/index.php\/wp-json\/wp\/v2\/types\/page"}],"author":[{"embeddable":true,"href":"https:\/\/noaidebiti.it\/index.php\/wp-json\/wp\/v2\/users\/1"}],"replies":[{"embeddable":true,"href":"https:\/\/noaidebiti.it\/index.php\/wp-json\/wp\/v2\/comments?post=3994"}],"version-history":[{"count":41,"href":"https:\/\/noaidebiti.it\/index.php\/wp-json\/wp\/v2\/pages\/3994\/revisions"}],"predecessor-version":[{"id":7306,"href":"https:\/\/noaidebiti.it\/index.php\/wp-json\/wp\/v2\/pages\/3994\/revisions\/7306"}],"wp:attachment":[{"href":"https:\/\/noaidebiti.it\/index.php\/wp-json\/wp\/v2\/media?parent=3994"}],"wp:term":[{"taxonomy":"folder","embeddable":true,"href":"https:\/\/noaidebiti.it\/index.php\/wp-json\/wp\/v2\/folder?post=3994"}],"curies":[{"name":"wp","href":"https:\/\/api.w.org\/{rel}","templated":true}]}}